{"id":72,"date":"2020-09-22T08:56:53","date_gmt":"2020-09-22T08:56:53","guid":{"rendered":"https:\/\/colombe.pl\/?page_id=72"},"modified":"2020-10-13T17:37:29","modified_gmt":"2020-10-13T17:37:29","slug":"innenarchitektur","status":"publish","type":"page","link":"https:\/\/www.colombe.pl\/de\/innenarchitektur\/","title":{"rendered":"Innenarchitektur"},"content":{"rendered":"<p>Das Studio Colombe bietet komplexe Dienstleistungen im Bereich der Innenarchitektur.<br \/>\nWir arbeiten mit bew\u00e4hrten Handwerkern zusammen und \u00fcberwachen jede Etappe der Arbeiten.<br \/>\nWir verf\u00fcgen \u00fcber ein breites Angebot an Fertigungsmaterialien, wie Farben oder Bodenbel\u00e4ge, sowie an Ausstattungselementen, K\u00fcchen, Schr\u00e4nken, T\u00fcren, Paneelen und M\u00f6bel, die in unseren Schreiner-, Polster- und Schlosserwerkst\u00e4tten angefertigt werden. Mit Liebe zum Detail entwerfen wir Klinken, Griffe und Beschl\u00e4ge. In unserer Schneiderwerkstatt entstehen Vorh\u00e4nge, r\u00f6mische Rollladen, Decken, Lampenschirme sowie andere Details, die den Innenraum verzieren.<\/p>\n","protected":false},"excerpt":{"rendered":"<p>Das Studio Colombe bietet komplexe Dienstleistungen im Bereich der Innenarchitektur. Wir arbeiten mit bew\u00e4hrten Handwerkern zusammen und \u00fcberwachen jede Etappe der Arbeiten. Wir verf\u00fcgen \u00fcber ein breites Angebot an Fertigungsmaterialien, wie Farben oder Bodenbel\u00e4ge, sowie an Ausstattungselementen, K\u00fcchen, Schr\u00e4nken, T\u00fcren, Paneelen und M\u00f6bel, die in unseren Schreiner-, Polster- und Schlosserwerkst\u00e4tten angefertigt werden. Mit Liebe zum [&hellip;]<\/p>\n","protected":false},"author":1,"featured_media":0,"parent":0,"menu_order":0,"comment_status":"closed","ping_status":"closed","template":"p-interior_design.php","meta":[],"yoast_head":"<!-- This site is optimized with the Yoast SEO plugin v15.4 - https:\/\/yoast.com\/wordpress\/plugins\/seo\/ -->\n<title>Innenarchitektur - Colombe<\/title>\n<meta name=\"description\" content=\"Interior design: Colombe offers complex interior design services. Working with reliable renovation crews, we supervise the project at every stage.\" \/>\n<meta name=\"robots\" content=\"index, follow, max-snippet:-1, max-image-preview:large, max-video-preview:-1\" \/>\n<link rel=\"canonical\" href=\"https:\/\/www.colombe.pl\/de\/innenarchitektur\/\" \/>\n<meta property=\"og:locale\" content=\"de_DE\" \/>\n<meta property=\"og:type\" content=\"article\" \/>\n<meta property=\"og:title\" content=\"Innenarchitektur - Colombe\" \/>\n<meta property=\"og:description\" content=\"Interior design: Colombe offers complex interior design services. Working with reliable renovation crews, we supervise the project at every stage.\" \/>\n<meta property=\"og:url\" content=\"https:\/\/www.colombe.pl\/de\/innenarchitektur\/\" \/>\n<meta property=\"og:site_name\" content=\"Colombe\" \/>\n<meta property=\"article:publisher\" content=\"https:\/\/www.facebook.com\/colombepracownia\/\" \/>\n<meta property=\"article:modified_time\" content=\"2020-10-13T17:37:29+00:00\" \/>\n<meta property=\"og:image\" content=\"https:\/\/www.colombe.pl\/wp-content\/uploads\/2020\/11\/1-10.jpg\" \/>\n\t<meta property=\"og:image:width\" content=\"2400\" \/>\n\t<meta property=\"og:image:height\" content=\"1600\" \/>\n<meta name=\"twitter:card\" content=\"summary_large_image\" \/>\n<meta name=\"twitter:label1\" content=\"Verfasst von\">\n\t<meta name=\"twitter:data1\" content=\"admin\">\n\t<meta name=\"twitter:label2\" content=\"Gesch\u00e4tzte Lesezeit\">\n\t<meta name=\"twitter:data2\" content=\"0\u00a0Minuten\">\n<script type=\"application\/ld+json\" class=\"yoast-schema-graph\">{\"@context\":\"https:\/\/schema.org\",\"@graph\":[{\"@type\":\"WebSite\",\"@id\":\"https:\/\/www.colombe.pl\/#website\",\"url\":\"https:\/\/www.colombe.pl\/\",\"name\":\"Colombe\",\"description\":\"Colombe offers complex interior design services. Working with reliable renovation crews, we supervise the project at every stage.\",\"potentialAction\":[{\"@type\":\"SearchAction\",\"target\":\"https:\/\/www.colombe.pl\/?s={search_term_string}\",\"query-input\":\"required name=search_term_string\"}],\"inLanguage\":\"de\"},{\"@type\":\"WebPage\",\"@id\":\"https:\/\/www.colombe.pl\/de\/innenarchitektur\/#webpage\",\"url\":\"https:\/\/www.colombe.pl\/de\/innenarchitektur\/\",\"name\":\"Innenarchitektur - Colombe\",\"isPartOf\":{\"@id\":\"https:\/\/www.colombe.pl\/#website\"},\"datePublished\":\"2020-09-22T08:56:53+00:00\",\"dateModified\":\"2020-10-13T17:37:29+00:00\",\"description\":\"Interior design: Colombe offers complex interior design services. Working with reliable renovation crews, we supervise the project at every stage.\",\"inLanguage\":\"de\",\"potentialAction\":[{\"@type\":\"ReadAction\",\"target\":[\"https:\/\/www.colombe.pl\/de\/innenarchitektur\/\"]}]}]}<\/script>\n<!-- \/ Yoast SEO plugin. -->","_links":{"self":[{"href":"https:\/\/www.colombe.pl\/de\/wp-json\/wp\/v2\/pages\/72"}],"collection":[{"href":"https:\/\/www.colombe.pl\/de\/wp-json\/wp\/v2\/pages"}],"about":[{"href":"https:\/\/www.colombe.pl\/de\/wp-json\/wp\/v2\/types\/page"}],"author":[{"embeddable":true,"href":"https:\/\/www.colombe.pl\/de\/wp-json\/wp\/v2\/users\/1"}],"replies":[{"embeddable":true,"href":"https:\/\/www.colombe.pl\/de\/wp-json\/wp\/v2\/comments?post=72"}],"version-history":[{"count":3,"href":"https:\/\/www.colombe.pl\/de\/wp-json\/wp\/v2\/pages\/72\/revisions"}],"predecessor-version":[{"id":627,"href":"https:\/\/www.colombe.pl\/de\/wp-json\/wp\/v2\/pages\/72\/revisions\/627"}],"wp:attachment":[{"href":"https:\/\/www.colombe.pl\/de\/wp-json\/wp\/v2\/media?parent=72"}],"curies":[{"name":"wp","href":"https:\/\/api.w.org\/{rel}","templated":true}]}}