{"id":2317,"date":"2020-12-08T13:46:46","date_gmt":"2020-12-08T13:46:46","guid":{"rendered":"https:\/\/colombe.pl\/?page_id=2317"},"modified":"2020-12-08T13:59:01","modified_gmt":"2020-12-08T13:59:01","slug":"polityka-prywatnosci-2","status":"publish","type":"page","link":"https:\/\/www.colombe.pl\/pl\/polityka-prywatnosci-2\/","title":{"rendered":"Polityka prywatno\u015bci"},"content":{"rendered":"<p >Na podstawie Rozporz\u0105dzenia Parlamentu Europejskiego i Rady (UE) 2016\/679 z 27.04.2016 r. (RODO) informujemy, \u017ce administratoremi Pani\/Pana danych osobowych jest Marta Chrapka jako wsp\u00f3lnik sp\u00f3\u0142ki jawnej o nazwie\u00a0COLOMBE\u00a0z siedzib\u0105 w Warszawie (00-681) przy ul. Ho\u017cej 61.<\/p>\n<p >W sprawie ochrony danych osobowych mo\u017cna skontaktowa\u0107 si\u0119 pod adresem e-mail\u00a0<a href=\"mailto:info@mesmetric.com\">sklep@colombe.pl<\/a>\u00a0Ka\u017cdej osobie, kt\u00f3rej dane przetwarzamy, przys\u0142uguje prawo do \u017c\u0105dania dost\u0119pu do swoich danych osobowych, ich sprostowania oraz usuni\u0119cia, a nadto do \u017c\u0105dania ograniczenia przetwarzania, jak r\u00f3wnie\u017c skargi do Prezesa Urz\u0119du Ochrony Danych Osobowych.<\/p>\n<p >Wszelkie inne informacje, w tym o celach i podstawach przetwarzania oraz okresie przetwarzania znajd\u0105 Pa\u0144stwo w klauzulach:\u00a0<a href=\"https:\/\/colombe.pl\/wp-content\/uploads\/2020\/12\/osoby-fizyczne.pdf\">dla os\u00f3b fizycznych<\/a> \u00a0oraz\u00a0<a href=\"https:\/\/colombe.pl\/wp-content\/uploads\/2020\/12\/kontrahenci.pdf\">dla przedstawicieli kontrahent\u00f3w<\/a><\/p>\n","protected":false},"excerpt":{"rendered":"<p>Na podstawie Rozporz\u0105dzenia Parlamentu Europejskiego i Rady (UE) 2016\/679 z 27.04.2016 r. (RODO) informujemy, \u017ce administratoremi Pani\/Pana danych osobowych jest Marta Chrapka jako wsp\u00f3lnik sp\u00f3\u0142ki jawnej o nazwie\u00a0COLOMBE\u00a0z siedzib\u0105 w Warszawie (00-681) przy ul. Ho\u017cej 61. W sprawie ochrony danych osobowych mo\u017cna skontaktowa\u0107 si\u0119 pod adresem e-mail\u00a0sklep@colombe.pl\u00a0Ka\u017cdej osobie, kt\u00f3rej dane przetwarzamy, przys\u0142uguje prawo do \u017c\u0105dania [&hellip;]<\/p>\n","protected":false},"author":1,"featured_media":0,"parent":0,"menu_order":0,"comment_status":"closed","ping_status":"closed","template":"p-simplepage.php","meta":[],"yoast_head":"<!-- This site is optimized with the Yoast SEO plugin v15.4 - https:\/\/yoast.com\/wordpress\/plugins\/seo\/ -->\n<title>Polityka prywatno\u015bci - Colombe<\/title>\n<meta name=\"description\" content=\"Interior design: Colombe offers complex interior design services. Working with reliable renovation crews, we supervise the project at every stage.\" \/>\n<meta name=\"robots\" content=\"index, follow, max-snippet:-1, max-image-preview:large, max-video-preview:-1\" \/>\n<link rel=\"canonical\" href=\"https:\/\/www.colombe.pl\/pl\/polityka-prywatnosci-2\/\" \/>\n<meta property=\"og:locale\" content=\"pl_PL\" \/>\n<meta property=\"og:type\" content=\"article\" \/>\n<meta property=\"og:title\" content=\"Polityka prywatno\u015bci - Colombe\" \/>\n<meta property=\"og:description\" content=\"Interior design: Colombe offers complex interior design services. Working with reliable renovation crews, we supervise the project at every stage.\" \/>\n<meta property=\"og:url\" content=\"https:\/\/www.colombe.pl\/pl\/polityka-prywatnosci-2\/\" \/>\n<meta property=\"og:site_name\" content=\"Colombe\" \/>\n<meta property=\"article:publisher\" content=\"https:\/\/www.facebook.com\/colombepracownia\/\" \/>\n<meta property=\"article:modified_time\" content=\"2020-12-08T13:59:01+00:00\" \/>\n<meta property=\"og:image\" content=\"https:\/\/www.colombe.pl\/wp-content\/uploads\/2020\/11\/1-10.jpg\" \/>\n\t<meta property=\"og:image:width\" content=\"2400\" \/>\n\t<meta property=\"og:image:height\" content=\"1600\" \/>\n<meta name=\"twitter:card\" content=\"summary_large_image\" \/>\n<meta name=\"twitter:label1\" content=\"Written by\">\n\t<meta name=\"twitter:data1\" content=\"admin\">\n\t<meta name=\"twitter:label2\" content=\"Est. reading time\">\n\t<meta name=\"twitter:data2\" content=\"0 minut\">\n<script type=\"application\/ld+json\" class=\"yoast-schema-graph\">{\"@context\":\"https:\/\/schema.org\",\"@graph\":[{\"@type\":\"WebSite\",\"@id\":\"https:\/\/www.colombe.pl\/#website\",\"url\":\"https:\/\/www.colombe.pl\/\",\"name\":\"Colombe\",\"description\":\"Colombe offers complex interior design services. Working with reliable renovation crews, we supervise the project at every stage.\",\"potentialAction\":[{\"@type\":\"SearchAction\",\"target\":\"https:\/\/www.colombe.pl\/?s={search_term_string}\",\"query-input\":\"required name=search_term_string\"}],\"inLanguage\":\"pl-PL\"},{\"@type\":\"WebPage\",\"@id\":\"https:\/\/www.colombe.pl\/pl\/polityka-prywatnosci-2\/#webpage\",\"url\":\"https:\/\/www.colombe.pl\/pl\/polityka-prywatnosci-2\/\",\"name\":\"Polityka prywatno\\u015bci - Colombe\",\"isPartOf\":{\"@id\":\"https:\/\/www.colombe.pl\/#website\"},\"datePublished\":\"2020-12-08T13:46:46+00:00\",\"dateModified\":\"2020-12-08T13:59:01+00:00\",\"description\":\"Interior design: Colombe offers complex interior design services. Working with reliable renovation crews, we supervise the project at every stage.\",\"inLanguage\":\"pl-PL\",\"potentialAction\":[{\"@type\":\"ReadAction\",\"target\":[\"https:\/\/www.colombe.pl\/pl\/polityka-prywatnosci-2\/\"]}]}]}<\/script>\n<!-- \/ Yoast SEO plugin. -->","_links":{"self":[{"href":"https:\/\/www.colombe.pl\/pl\/wp-json\/wp\/v2\/pages\/2317"}],"collection":[{"href":"https:\/\/www.colombe.pl\/pl\/wp-json\/wp\/v2\/pages"}],"about":[{"href":"https:\/\/www.colombe.pl\/pl\/wp-json\/wp\/v2\/types\/page"}],"author":[{"embeddable":true,"href":"https:\/\/www.colombe.pl\/pl\/wp-json\/wp\/v2\/users\/1"}],"replies":[{"embeddable":true,"href":"https:\/\/www.colombe.pl\/pl\/wp-json\/wp\/v2\/comments?post=2317"}],"version-history":[{"count":4,"href":"https:\/\/www.colombe.pl\/pl\/wp-json\/wp\/v2\/pages\/2317\/revisions"}],"predecessor-version":[{"id":2329,"href":"https:\/\/www.colombe.pl\/pl\/wp-json\/wp\/v2\/pages\/2317\/revisions\/2329"}],"wp:attachment":[{"href":"https:\/\/www.colombe.pl\/pl\/wp-json\/wp\/v2\/media?parent=2317"}],"curies":[{"name":"wp","href":"https:\/\/api.w.org\/{rel}","templated":true}]}}