{"id":53,"date":"2020-09-22T08:54:17","date_gmt":"2020-09-22T08:54:17","guid":{"rendered":"https:\/\/colombe.pl\/?page_id=53"},"modified":"2020-10-13T17:37:12","modified_gmt":"2020-10-13T17:37:12","slug":"projektowanie-wnetrz","status":"publish","type":"page","link":"https:\/\/www.colombe.pl\/pl\/projektowanie-wnetrz\/","title":{"rendered":"Projektowanie wn\u0119trz"},"content":{"rendered":"<p>Studio Colombe oferuje kompleksowe us\u0142ugi projektowania wn\u0119trz.<br \/>\nWsp\u00f3\u0142pracuj\u0105c ze sprawdzonymi ekipami remontowymi prowadzimy nadz\u00f3r autorski na ka\u017cdym etapie realizacji.<\/p>\n<p>Tworzymy wyselekcjonowan\u0105 ofert\u0119 materia\u0142\u00f3w wyko\u0144czeniowych takich jak farby czy pod\u0142ogi poprzez elementy wyposa\u017cenia, kuchnie, szafy, drzwi, boazerie po meble wykonywane w naszych pracowniach stolarskich , tapicerskich i \u015blusarskich. Dbaj\u0105c o detale projektujemy i wykonujemy klamki, uchwyty oraz okucia. W naszej pracowni krawieckiej powstaj\u0105 zas\u0142ony, rolety rzymskie, narzuty, aba\u017cury i inne detale dekoruj\u0105ce wn\u0119trza.<\/p>\n","protected":false},"excerpt":{"rendered":"<p>Studio Colombe oferuje kompleksowe us\u0142ugi projektowania wn\u0119trz. Wsp\u00f3\u0142pracuj\u0105c ze sprawdzonymi ekipami remontowymi prowadzimy nadz\u00f3r autorski na ka\u017cdym etapie realizacji. Tworzymy wyselekcjonowan\u0105 ofert\u0119 materia\u0142\u00f3w wyko\u0144czeniowych takich jak farby czy pod\u0142ogi poprzez elementy wyposa\u017cenia, kuchnie, szafy, drzwi, boazerie po meble wykonywane w naszych pracowniach stolarskich , tapicerskich i \u015blusarskich. Dbaj\u0105c o detale projektujemy i wykonujemy klamki, uchwyty [&hellip;]<\/p>\n","protected":false},"author":1,"featured_media":0,"parent":0,"menu_order":0,"comment_status":"closed","ping_status":"closed","template":"p-interior_design.php","meta":[],"yoast_head":"<!-- This site is optimized with the Yoast SEO plugin v15.4 - https:\/\/yoast.com\/wordpress\/plugins\/seo\/ -->\n<title>Projektowanie wn\u0119trz - Colombe<\/title>\n<meta name=\"description\" content=\"Interior design: Colombe offers complex interior design services. Working with reliable renovation crews, we supervise the project at every stage.\" \/>\n<meta name=\"robots\" content=\"index, follow, max-snippet:-1, max-image-preview:large, max-video-preview:-1\" \/>\n<link rel=\"canonical\" href=\"https:\/\/www.colombe.pl\/pl\/projektowanie-wnetrz\/\" \/>\n<meta property=\"og:locale\" content=\"pl_PL\" \/>\n<meta property=\"og:type\" content=\"article\" \/>\n<meta property=\"og:title\" content=\"Projektowanie wn\u0119trz - Colombe\" \/>\n<meta property=\"og:description\" content=\"Interior design: Colombe offers complex interior design services. Working with reliable renovation crews, we supervise the project at every stage.\" \/>\n<meta property=\"og:url\" content=\"https:\/\/www.colombe.pl\/pl\/projektowanie-wnetrz\/\" \/>\n<meta property=\"og:site_name\" content=\"Colombe\" \/>\n<meta property=\"article:publisher\" content=\"https:\/\/www.facebook.com\/colombepracownia\/\" \/>\n<meta property=\"article:modified_time\" content=\"2020-10-13T17:37:12+00:00\" \/>\n<meta property=\"og:image\" content=\"https:\/\/www.colombe.pl\/wp-content\/uploads\/2020\/11\/1-10.jpg\" \/>\n\t<meta property=\"og:image:width\" content=\"2400\" \/>\n\t<meta property=\"og:image:height\" content=\"1600\" \/>\n<meta name=\"twitter:card\" content=\"summary_large_image\" \/>\n<meta name=\"twitter:label1\" content=\"Written by\">\n\t<meta name=\"twitter:data1\" content=\"admin\">\n\t<meta name=\"twitter:label2\" content=\"Est. reading time\">\n\t<meta name=\"twitter:data2\" content=\"0 minut\">\n<script type=\"application\/ld+json\" class=\"yoast-schema-graph\">{\"@context\":\"https:\/\/schema.org\",\"@graph\":[{\"@type\":\"WebSite\",\"@id\":\"https:\/\/www.colombe.pl\/#website\",\"url\":\"https:\/\/www.colombe.pl\/\",\"name\":\"Colombe\",\"description\":\"Colombe offers complex interior design services. Working with reliable renovation crews, we supervise the project at every stage.\",\"potentialAction\":[{\"@type\":\"SearchAction\",\"target\":\"https:\/\/www.colombe.pl\/?s={search_term_string}\",\"query-input\":\"required name=search_term_string\"}],\"inLanguage\":\"pl-PL\"},{\"@type\":\"WebPage\",\"@id\":\"https:\/\/www.colombe.pl\/pl\/projektowanie-wnetrz\/#webpage\",\"url\":\"https:\/\/www.colombe.pl\/pl\/projektowanie-wnetrz\/\",\"name\":\"Projektowanie wn\\u0119trz - Colombe\",\"isPartOf\":{\"@id\":\"https:\/\/www.colombe.pl\/#website\"},\"datePublished\":\"2020-09-22T08:54:17+00:00\",\"dateModified\":\"2020-10-13T17:37:12+00:00\",\"description\":\"Interior design: Colombe offers complex interior design services. Working with reliable renovation crews, we supervise the project at every stage.\",\"inLanguage\":\"pl-PL\",\"potentialAction\":[{\"@type\":\"ReadAction\",\"target\":[\"https:\/\/www.colombe.pl\/pl\/projektowanie-wnetrz\/\"]}]}]}<\/script>\n<!-- \/ Yoast SEO plugin. -->","_links":{"self":[{"href":"https:\/\/www.colombe.pl\/pl\/wp-json\/wp\/v2\/pages\/53"}],"collection":[{"href":"https:\/\/www.colombe.pl\/pl\/wp-json\/wp\/v2\/pages"}],"about":[{"href":"https:\/\/www.colombe.pl\/pl\/wp-json\/wp\/v2\/types\/page"}],"author":[{"embeddable":true,"href":"https:\/\/www.colombe.pl\/pl\/wp-json\/wp\/v2\/users\/1"}],"replies":[{"embeddable":true,"href":"https:\/\/www.colombe.pl\/pl\/wp-json\/wp\/v2\/comments?post=53"}],"version-history":[{"count":4,"href":"https:\/\/www.colombe.pl\/pl\/wp-json\/wp\/v2\/pages\/53\/revisions"}],"predecessor-version":[{"id":626,"href":"https:\/\/www.colombe.pl\/pl\/wp-json\/wp\/v2\/pages\/53\/revisions\/626"}],"wp:attachment":[{"href":"https:\/\/www.colombe.pl\/pl\/wp-json\/wp\/v2\/media?parent=53"}],"curies":[{"name":"wp","href":"https:\/\/api.w.org\/{rel}","templated":true}]}}